{"id":50,"date":"2016-09-22T09:29:42","date_gmt":"2016-09-22T07:29:42","guid":{"rendered":"http:\/\/uffgeplatzde.de\/wordpress\/?page_id=50"},"modified":"2016-09-22T09:56:53","modified_gmt":"2016-09-22T07:56:53","slug":"kontakt","status":"publish","type":"page","link":"https:\/\/uffgeplatzde.de\/wordpress\/kontakt\/","title":{"rendered":"Kontakt"},"content":{"rendered":"<p>Haben Sie Fragen? M\u00f6chten Sie uns buchen?<\/p>\n<p>Bitte wenden Sie sich an:<\/p>\n<p>J\u00fcrgen Lorscheider<br \/>\nAm Hang 4<br \/>\n63628 Bad Soden-Salm\u00fcnster<br \/>\nTelefon 0171-3375828<br \/>\nMail <a href=\"mailto:admin@uffgeplatzde.de\">admin@uffgeplatzde.de<\/a><\/p>\n","protected":false},"excerpt":{"rendered":"<p>Haben Sie Fragen? M\u00f6chten Sie uns buchen? Bitte wenden Sie sich an: J\u00fcrgen Lorscheider Am Hang 4 63628 Bad Soden-Salm\u00fcnster Telefon 0171-3375828 Mail admin@uffgeplatzde.de<\/p>\n","protected":false},"author":2,"featured_media":0,"parent":0,"menu_order":0,"comment_status":"closed","ping_status":"closed","template":"","meta":{"footnotes":""},"class_list":["post-50","page","type-page","status-publish","hentry"],"_links":{"self":[{"href":"https:\/\/uffgeplatzde.de\/wordpress\/wp-json\/wp\/v2\/pages\/50","targetHints":{"allow":["GET"]}}],"collection":[{"href":"https:\/\/uffgeplatzde.de\/wordpress\/wp-json\/wp\/v2\/pages"}],"about":[{"href":"https:\/\/uffgeplatzde.de\/wordpress\/wp-json\/wp\/v2\/types\/page"}],"author":[{"embeddable":true,"href":"https:\/\/uffgeplatzde.de\/wordpress\/wp-json\/wp\/v2\/users\/2"}],"replies":[{"embeddable":true,"href":"https:\/\/uffgeplatzde.de\/wordpress\/wp-json\/wp\/v2\/comments?post=50"}],"version-history":[{"count":2,"href":"https:\/\/uffgeplatzde.de\/wordpress\/wp-json\/wp\/v2\/pages\/50\/revisions"}],"predecessor-version":[{"id":63,"href":"https:\/\/uffgeplatzde.de\/wordpress\/wp-json\/wp\/v2\/pages\/50\/revisions\/63"}],"wp:attachment":[{"href":"https:\/\/uffgeplatzde.de\/wordpress\/wp-json\/wp\/v2\/media?parent=50"}],"curies":[{"name":"wp","href":"https:\/\/api.w.org\/{rel}","templated":true}]}}